{"id":18,"date":"2019-01-13T14:24:59","date_gmt":"2019-01-13T14:24:59","guid":{"rendered":"http:\/\/schwalbennest-ferienzimmer.de\/?page_id=18"},"modified":"2019-01-15T09:05:00","modified_gmt":"2019-01-15T09:05:00","slug":"taubenzimmer","status":"publish","type":"page","link":"https:\/\/schwalbennest-ferienzimmer.de\/?page_id=18","title":{"rendered":"Taubenzimmer"},"content":{"rendered":"\n<div class=\"wp-block-image\"><figure class=\"aligncenter is-resized\"><img decoding=\"async\" loading=\"lazy\" src=\"https:\/\/schwalbennest-ferienzimmer.de\/wp-content\/uploads\/2019\/01\/Taubenzimmer-Einzel.jpg\" alt=\"\" class=\"wp-image-79\" width=\"649\" height=\"433\" srcset=\"https:\/\/schwalbennest-ferienzimmer.de\/wp-content\/uploads\/2019\/01\/Taubenzimmer-Einzel.jpg 450w, https:\/\/schwalbennest-ferienzimmer.de\/wp-content\/uploads\/2019\/01\/Taubenzimmer-Einzel-300x200.jpg 300w\" sizes=\"(max-width: 649px) 100vw, 649px\" \/><figcaption>Die Zimmer k\u00f6nnen alle auch als Einzelzimmer gebucht werden.  Gro\u00dfz\u00fcgige Einbauschr\u00e4nke bieten auch bei l\u00e4ngerem Aufenthalt gen\u00fcgend Stauraum. <\/figcaption><\/figure><\/div>\n\n\n\n<div class=\"wp-block-image\"><figure class=\"aligncenter is-resized\"><img decoding=\"async\" loading=\"lazy\" src=\"https:\/\/schwalbennest-ferienzimmer.de\/wp-content\/uploads\/2019\/01\/Badezimmer-Zaunk\u00f6nig-679x1024.jpg\" alt=\"\" class=\"wp-image-84\" width=\"441\" height=\"665\" srcset=\"https:\/\/schwalbennest-ferienzimmer.de\/wp-content\/uploads\/2019\/01\/Badezimmer-Zaunk\u00f6nig-679x1024.jpg 679w, https:\/\/schwalbennest-ferienzimmer.de\/wp-content\/uploads\/2019\/01\/Badezimmer-Zaunk\u00f6nig-199x300.jpg 199w, https:\/\/schwalbennest-ferienzimmer.de\/wp-content\/uploads\/2019\/01\/Badezimmer-Zaunk\u00f6nig-768x1158.jpg 768w, https:\/\/schwalbennest-ferienzimmer.de\/wp-content\/uploads\/2019\/01\/Badezimmer-Zaunk\u00f6nig.jpg 1624w\" sizes=\"(max-width: 441px) 100vw, 441px\" \/><figcaption>Jedes Zimmer besitzt ein eigenes Badezimmer mit gro\u00dfz\u00fcgiger Dusche, Waschbecken und WC.  Das Bad des Taubenzimmers  liegt auf der anderen Seite des Flures. <\/figcaption><\/figure><\/div>\n\n\n\n<div class=\"wp-block-image\"><figure class=\"aligncenter\"><img decoding=\"async\" loading=\"lazy\" width=\"1024\" height=\"679\" src=\"https:\/\/schwalbennest-ferienzimmer.de\/wp-content\/uploads\/2019\/01\/Taubenzimmer-f\u00fcr-Kinder-1024x679.jpg\" alt=\"\" class=\"wp-image-80\" srcset=\"https:\/\/schwalbennest-ferienzimmer.de\/wp-content\/uploads\/2019\/01\/Taubenzimmer-f\u00fcr-Kinder-1024x679.jpg 1024w, https:\/\/schwalbennest-ferienzimmer.de\/wp-content\/uploads\/2019\/01\/Taubenzimmer-f\u00fcr-Kinder-300x199.jpg 300w, https:\/\/schwalbennest-ferienzimmer.de\/wp-content\/uploads\/2019\/01\/Taubenzimmer-f\u00fcr-Kinder-768x509.jpg 768w\" sizes=\"(max-width: 767px) 89vw, (max-width: 1000px) 54vw, (max-width: 1071px) 543px, 580px\" \/><figcaption>Auch wenn sie mit Kindern reisen k\u00f6nnen wir Ihnen gerne ein &#8222;Kinderzimmer&#8220; herrichten. <\/figcaption><\/figure><\/div>\n\n\n\n<div class=\"wp-block-image\"><figure class=\"aligncenter is-resized\"><img decoding=\"async\" loading=\"lazy\" src=\"https:\/\/schwalbennest-ferienzimmer.de\/wp-content\/uploads\/2019\/01\/Blick-aus-dem-Fenster-Taubenzimmer-1024x679.jpg\" alt=\"\" class=\"wp-image-81\" width=\"560\" height=\"371\" srcset=\"https:\/\/schwalbennest-ferienzimmer.de\/wp-content\/uploads\/2019\/01\/Blick-aus-dem-Fenster-Taubenzimmer-1024x679.jpg 1024w, https:\/\/schwalbennest-ferienzimmer.de\/wp-content\/uploads\/2019\/01\/Blick-aus-dem-Fenster-Taubenzimmer-300x199.jpg 300w, https:\/\/schwalbennest-ferienzimmer.de\/wp-content\/uploads\/2019\/01\/Blick-aus-dem-Fenster-Taubenzimmer-768x509.jpg 768w\" sizes=\"(max-width: 560px) 100vw, 560px\" \/><\/figure><\/div>\n","protected":false},"excerpt":{"rendered":"","protected":false},"author":1,"featured_media":0,"parent":0,"menu_order":0,"comment_status":"closed","ping_status":"closed","template":"","meta":[],"_links":{"self":[{"href":"https:\/\/schwalbennest-ferienzimmer.de\/index.php?rest_route=\/wp\/v2\/pages\/18"}],"collection":[{"href":"https:\/\/schwalbennest-ferienzimmer.de\/index.php?rest_route=\/wp\/v2\/pages"}],"about":[{"href":"https:\/\/schwalbennest-ferienzimmer.de\/index.php?rest_route=\/wp\/v2\/types\/page"}],"author":[{"embeddable":true,"href":"https:\/\/schwalbennest-ferienzimmer.de\/index.php?rest_route=\/wp\/v2\/users\/1"}],"replies":[{"embeddable":true,"href":"https:\/\/schwalbennest-ferienzimmer.de\/index.php?rest_route=%2Fwp%2Fv2%2Fcomments&post=18"}],"version-history":[{"count":4,"href":"https:\/\/schwalbennest-ferienzimmer.de\/index.php?rest_route=\/wp\/v2\/pages\/18\/revisions"}],"predecessor-version":[{"id":119,"href":"https:\/\/schwalbennest-ferienzimmer.de\/index.php?rest_route=\/wp\/v2\/pages\/18\/revisions\/119"}],"wp:attachment":[{"href":"https:\/\/schwalbennest-ferienzimmer.de\/index.php?rest_route=%2Fwp%2Fv2%2Fmedia&parent=18"}],"curies":[{"name":"wp","href":"https:\/\/api.w.org\/{rel}","templated":true}]}}