{"id":21,"date":"2019-01-13T14:24:59","date_gmt":"2019-01-13T14:24:59","guid":{"rendered":"http:\/\/schwalbennest-ferienzimmer.de\/?page_id=21"},"modified":"2023-01-19T19:25:48","modified_gmt":"2023-01-19T19:25:48","slug":"preise-und-belegung","status":"publish","type":"page","link":"https:\/\/schwalbennest-ferienzimmer.de\/?page_id=21","title":{"rendered":"Preise und Belegung"},"content":{"rendered":"\n<div class=\"wp-block-image\"><figure class=\"aligncenter is-resized\"><img decoding=\"async\" loading=\"lazy\" src=\"https:\/\/schwalbennest-ferienzimmer.de\/wp-content\/uploads\/2019\/01\/Flurfenster-1024x836.jpg\" alt=\"\" class=\"wp-image-138\" width=\"399\" height=\"325\" srcset=\"https:\/\/schwalbennest-ferienzimmer.de\/wp-content\/uploads\/2019\/01\/Flurfenster-1024x836.jpg 1024w, https:\/\/schwalbennest-ferienzimmer.de\/wp-content\/uploads\/2019\/01\/Flurfenster-300x245.jpg 300w, https:\/\/schwalbennest-ferienzimmer.de\/wp-content\/uploads\/2019\/01\/Flurfenster-768x627.jpg 768w, https:\/\/schwalbennest-ferienzimmer.de\/wp-content\/uploads\/2019\/01\/Flurfenster.jpg 1990w\" sizes=\"(max-width: 399px) 100vw, 399px\" \/><figcaption>Blick vom Flurfenster auf die Wiesen. <\/figcaption><\/figure><\/div>\n\n\n\n<ul><li>Eine \u00dcbernachtung im Einzelzimmer am Wochenende betr\u00e4gt 60 \u20ac  <\/li><li>Zwei \u00dcbernachtungen im Einzelzimmer am Wochenende 80 \u20ac<\/li><li>Eine \u00dcbernachtung am Wochenende im Doppelzimmer kostet 80 \u20ac <\/li><li> Zwei \u00dcbernachtungen am Wochenende im Doppelzimmer kosten 100 \u20ac<\/li><li>Wochenangebot von Montag bis Freitag, 4 \u00dcbernachtungen im Einzelzimmer f\u00fcr 80\u20ac <\/li><li>Einzelzimmer ab 6 \u00dcbernachtungen 25 \u20ac pro \u00dcbernachtung<\/li><li>Doppelzimmer ab 6 \u00dcbernachtungen 40 \u20ac pro \u00dcbernachtung<\/li><li>Einzelzimmer ab 30 \u00dcbernachtungen 15 \u20ac  pro \u00dcbernachtung<\/li><\/ul>\n\n\n\n<div class=\"wp-block-image\"><figure class=\"aligncenter is-resized\"><img decoding=\"async\" loading=\"lazy\" src=\"https:\/\/schwalbennest-ferienzimmer.de\/wp-content\/uploads\/2019\/01\/993313_503146383073610_721939042_n.jpg\" alt=\"\" class=\"wp-image-91\" width=\"418\" height=\"277\" srcset=\"https:\/\/schwalbennest-ferienzimmer.de\/wp-content\/uploads\/2019\/01\/993313_503146383073610_721939042_n.jpg 960w, https:\/\/schwalbennest-ferienzimmer.de\/wp-content\/uploads\/2019\/01\/993313_503146383073610_721939042_n-300x199.jpg 300w, https:\/\/schwalbennest-ferienzimmer.de\/wp-content\/uploads\/2019\/01\/993313_503146383073610_721939042_n-768x510.jpg 768w\" sizes=\"(max-width: 418px) 100vw, 418px\" \/><figcaption>Unsere G\u00e4nse legen nicht nur flei\u00dfig sondern br\u00fcten auch jedes Jahr.<\/figcaption><\/figure><\/div>\n\n\n\n<p class=\"has-text-align-center\">F\u00fcr Referenzen schauen Sie unsere Bewertungen auf Airbnb an.       <a rel=\"noreferrer noopener\" aria-label=\"https:\/\/www.airbnb.de\/rooms\/4711184?preview_for_ml=true&amp;guests=1&amp;adults=1  (\u00f6ffnet in neuem Tab)\" href=\"https:\/\/www.airbnb.de\/rooms\/5974893?preview_for_ml=true&amp;guests=1&amp;adults=1\" target=\"_blank\">https:\/\/www.airbnb.de\/rooms\/4711184?preview_for_ml=true&amp;guests=1&amp;adults=1 <\/a><a rel=\"noreferrer noopener\" aria-label=\"https:\/\/www.airbnb.de\/rooms\/4922165?preview_for_ml=true&amp;guests=1&amp;adults=1  (\u00f6ffnet in neuem Tab)\" href=\"https:\/\/www.airbnb.de\/rooms\/4922165?preview_for_ml=true&amp;guests=1&amp;adults=1\" target=\"_blank\">https:\/\/www.airbnb.de\/rooms\/4922165?preview_for_ml=true&amp;guests=1&amp;adults=1 <\/a><a rel=\"noreferrer noopener\" aria-label=\"https:\/\/www.airbnb.de\/rooms\/5974893?preview_for_ml=true&amp;guests=1&amp;adults=1 (\u00f6ffnet in neuem Tab)\" href=\"https:\/\/www.airbnb.de\/rooms\/5974893?preview_for_ml=true&amp;guests=1&amp;adults=1\" target=\"_blank\">https:\/\/www.airbnb.de\/rooms\/5974893?preview_for_ml=true&amp;guests=1&amp;adults=1<\/a><\/p>\n","protected":false},"excerpt":{"rendered":"<p>Eine \u00dcbernachtung im Einzelzimmer am Wochenende betr\u00e4gt 60 \u20ac Zwei \u00dcbernachtungen im Einzelzimmer am Wochenende 80 \u20ac Eine \u00dcbernachtung am Wochenende im Doppelzimmer kostet 80 \u20ac Zwei \u00dcbernachtungen am Wochenende im Doppelzimmer kosten 100 \u20ac Wochenangebot von Montag bis Freitag, 4 \u00dcbernachtungen im Einzelzimmer f\u00fcr 80\u20ac Einzelzimmer ab 6 \u00dcbernachtungen 25 \u20ac pro \u00dcbernachtung Doppelzimmer &hellip; <\/p>\n<p class=\"link-more\"><a href=\"https:\/\/schwalbennest-ferienzimmer.de\/?page_id=21\" class=\"more-link\"><span class=\"screen-reader-text\">\u201ePreise und Belegung\u201c<\/span> weiterlesen<\/a><\/p>\n","protected":false},"author":1,"featured_media":0,"parent":0,"menu_order":0,"comment_status":"closed","ping_status":"closed","template":"","meta":[],"_links":{"self":[{"href":"https:\/\/schwalbennest-ferienzimmer.de\/index.php?rest_route=\/wp\/v2\/pages\/21"}],"collection":[{"href":"https:\/\/schwalbennest-ferienzimmer.de\/index.php?rest_route=\/wp\/v2\/pages"}],"about":[{"href":"https:\/\/schwalbennest-ferienzimmer.de\/index.php?rest_route=\/wp\/v2\/types\/page"}],"author":[{"embeddable":true,"href":"https:\/\/schwalbennest-ferienzimmer.de\/index.php?rest_route=\/wp\/v2\/users\/1"}],"replies":[{"embeddable":true,"href":"https:\/\/schwalbennest-ferienzimmer.de\/index.php?rest_route=%2Fwp%2Fv2%2Fcomments&post=21"}],"version-history":[{"count":18,"href":"https:\/\/schwalbennest-ferienzimmer.de\/index.php?rest_route=\/wp\/v2\/pages\/21\/revisions"}],"predecessor-version":[{"id":161,"href":"https:\/\/schwalbennest-ferienzimmer.de\/index.php?rest_route=\/wp\/v2\/pages\/21\/revisions\/161"}],"wp:attachment":[{"href":"https:\/\/schwalbennest-ferienzimmer.de\/index.php?rest_route=%2Fwp%2Fv2%2Fmedia&parent=21"}],"curies":[{"name":"wp","href":"https:\/\/api.w.org\/{rel}","templated":true}]}}